{"id":357,"date":"2021-07-21T14:40:53","date_gmt":"2021-07-21T12:40:53","guid":{"rendered":"https:\/\/gamedev.tugraz.at\/?page_id=357"},"modified":"2026-05-14T14:38:34","modified_gmt":"2026-05-14T12:38:34","slug":"home","status":"publish","type":"page","link":"https:\/\/gamedev.tugraz.at\/","title":{"rendered":"Home"},"content":{"rendered":"\n<h1 class=\"wp-block-heading has-text-align-center\">Game Dev Students Graz<\/h1>\n\n\n\n<p class=\"has-text-align-center\">Ah you, you&#8217;re finally awake. As I can see, you found yourself delving into the depths of university and are now looking for a place where you can get some Game Dev related sidequests? Well look no further, we&#8217;ve got you covered! Read on to find out more about us, the GDSG team. To see the logbook of our already completed Quests, take a look around the&nbsp;<a href=\"https:\/\/gamedev.tugraz.at\/index.php\/news\/\" type=\"page\" id=\"360\">News<\/a>&nbsp;section. It&#8217;s dangerous to go alone, so take this <a>Discord Server<\/a> invitation to our guild or&nbsp;<a href=\"https:\/\/gamedev.tugraz.at\/index.php\/contact\/\" type=\"page\" id=\"8\">Contact<\/a>&nbsp;us if Peach got kidnapped again.<br>Your next epic chapter awaits you, Adventurer!<\/p>\n\n\n\n<h3 class=\"wp-block-heading has-text-align-center\">But seriously, who are we?<\/h3>\n\n\n\n<p class=\"has-text-align-center\">We are the Game Dev Students Graz, GDSG for short. We are a student team dedicated to the craft of making games! Our team include everything from sound designers and programmers to designers. If you are in any way interested in any of the seemingly endless professions that help to bring games to life, you came to the right place!<\/p>\n\n\n\n<div class=\"wp-block-columns alignfull has-accent-background-color has-background is-layout-flex wp-container-core-columns-is-layout-9d6595d7 wp-block-columns-is-layout-flex\">\n<div class=\"wp-block-column is-layout-flow wp-block-column-is-layout-flow\" style=\"flex-basis:100%\">\n<div class=\"wp-block-group\"><div class=\"wp-block-group__inner-container is-layout-flow wp-block-group-is-layout-flow\">\n<h3 class=\"wp-block-heading\">And what do we do?<\/h3>\n\n\n\n<div class=\"wp-block-columns has-2-columns is-layout-flex wp-container-core-columns-is-layout-9d6595d7 wp-block-columns-is-layout-flex\">\n<div class=\"wp-block-column is-layout-flow wp-block-column-is-layout-flow\">\n<figure class=\"wp-block-image size-large\"><img loading=\"lazy\" decoding=\"async\" width=\"1024\" height=\"683\" src=\"https:\/\/gamedev.tugraz.at\/wp-content\/uploads\/2026\/05\/20_GDG_GDD2025-1024x683.jpg\" alt=\"\" class=\"wp-image-837\" srcset=\"https:\/\/gamedev.tugraz.at\/wp-content\/uploads\/2026\/05\/20_GDG_GDD2025-1024x683.jpg 1024w, https:\/\/gamedev.tugraz.at\/wp-content\/uploads\/2026\/05\/20_GDG_GDD2025-300x200.jpg 300w, https:\/\/gamedev.tugraz.at\/wp-content\/uploads\/2026\/05\/20_GDG_GDD2025-768x512.jpg 768w, https:\/\/gamedev.tugraz.at\/wp-content\/uploads\/2026\/05\/20_GDG_GDD2025-1536x1024.jpg 1536w, https:\/\/gamedev.tugraz.at\/wp-content\/uploads\/2026\/05\/20_GDG_GDD2025-2048x1365.jpg 2048w, https:\/\/gamedev.tugraz.at\/wp-content\/uploads\/2026\/05\/20_GDG_GDD2025-1200x800.jpg 1200w, https:\/\/gamedev.tugraz.at\/wp-content\/uploads\/2026\/05\/20_GDG_GDD2025-1980x1320.jpg 1980w\" sizes=\"auto, (max-width: 1024px) 100vw, 1024px\" \/><\/figure>\n<\/div>\n\n\n\n<div class=\"wp-block-column is-vertically-aligned-center is-layout-flow wp-block-column-is-layout-flow\">\n<p>I&#8217;m glad you asked! As you, dear reader, could already guessed by now, we make games. But not only that: As we are a student team, we also have a bunsh of cool stuff to entertain your studentlife!<\/p>\n\n\n\n<p>But first things first, there are many ways in which we participate in the excitement of game development. For one, every semester we start a new project to work on. Additionally, we host and participate in game jams, organize dev nights, and share our knowledge regatding just about everything game related.<\/p>\n\n\n\n<p>Now to even more ways to endulge in, apart from game development. Throughout a semester, we organize a variety of events that are not strictly relevant for game development. Those include game nights, hanging out in the clubroom, or so-called &#8220;Spritzerst\u00e4nde&#8221; and &#8220;Gl\u00fchweinst\u00e4nde&#8221;. <br>So whatever peaks your interests, there&#8217;s probably something here for everyone to enjoy!<\/p>\n<\/div>\n<\/div>\n<\/div><\/div>\n<\/div>\n<\/div>\n\n\n\n<div class=\"wp-block-group\"><div class=\"wp-block-group__inner-container is-layout-flow wp-block-group-is-layout-flow\">\n<div class=\"wp-block-buttons alignfull is-horizontal is-content-justification-center is-layout-flex wp-container-core-buttons-is-layout-499968f5 wp-block-buttons-is-layout-flex\">\n<div class=\"wp-block-button\"><a class=\"wp-block-button__link has-background wp-element-button\" href=\"http:\/\/discord.gg\/tGFU7AMuCq\" style=\"background-color:#7289da\" target=\"_blank\" rel=\"noopener noreferrer\">Join the Discord<\/a><\/div>\n\n\n\n<div class=\"wp-block-button\"><a class=\"wp-block-button__link wp-element-button\" href=\"https:\/\/gamedev.tugraz.at\/index.php\/contact\/\" rel=\"https:\/\/gamedev.tugraz.at\/index.php\/contact\/\">Join the Team<\/a><\/div>\n<\/div>\n<\/div><\/div>\n\n\n\n<h2 class=\"wp-block-heading\">Activities<\/h2>\n\n\n\n<figure class=\"wp-block-gallery aligncenter has-nested-images columns-default is-cropped wp-block-gallery-1 is-layout-flex wp-block-gallery-is-layout-flex\">\n<figure class=\"wp-block-image size-large\"><img loading=\"lazy\" decoding=\"async\" width=\"1024\" height=\"683\" data-id=\"53\" src=\"https:\/\/gamedev.tugraz.at\/wp-content\/uploads\/2019\/01\/27503806_1696926520329620_9218440443237336433_o-1024x683.jpg\" alt=\"\" class=\"wp-image-53\" srcset=\"https:\/\/gamedev.tugraz.at\/wp-content\/uploads\/2019\/01\/27503806_1696926520329620_9218440443237336433_o-1024x683.jpg 1024w, https:\/\/gamedev.tugraz.at\/wp-content\/uploads\/2019\/01\/27503806_1696926520329620_9218440443237336433_o-300x200.jpg 300w, https:\/\/gamedev.tugraz.at\/wp-content\/uploads\/2019\/01\/27503806_1696926520329620_9218440443237336433_o-768x512.jpg 768w, https:\/\/gamedev.tugraz.at\/wp-content\/uploads\/2019\/01\/27503806_1696926520329620_9218440443237336433_o.jpg 1174w\" sizes=\"auto, (max-width: 1024px) 100vw, 1024px\" \/><figcaption class=\"wp-element-caption\">Game Jams<\/figcaption><\/figure>\n\n\n\n<figure class=\"wp-block-image size-large\"><img loading=\"lazy\" decoding=\"async\" width=\"1024\" height=\"681\" data-id=\"52\" src=\"https:\/\/gamedev.tugraz.at\/wp-content\/uploads\/2019\/01\/Screenshot-2019-01-24-08.48.07-1024x681.png\" alt=\"\" class=\"wp-image-52\" srcset=\"https:\/\/gamedev.tugraz.at\/wp-content\/uploads\/2019\/01\/Screenshot-2019-01-24-08.48.07-1024x681.png 1024w, https:\/\/gamedev.tugraz.at\/wp-content\/uploads\/2019\/01\/Screenshot-2019-01-24-08.48.07-300x200.png 300w, https:\/\/gamedev.tugraz.at\/wp-content\/uploads\/2019\/01\/Screenshot-2019-01-24-08.48.07-768x511.png 768w, https:\/\/gamedev.tugraz.at\/wp-content\/uploads\/2019\/01\/Screenshot-2019-01-24-08.48.07.png 1278w\" sizes=\"auto, (max-width: 1024px) 100vw, 1024px\" \/><figcaption class=\"wp-element-caption\">Workshops<\/figcaption><\/figure>\n\n\n\n<figure class=\"wp-block-image size-large\"><img loading=\"lazy\" decoding=\"async\" width=\"1024\" height=\"683\" data-id=\"54\" src=\"https:\/\/gamedev.tugraz.at\/wp-content\/uploads\/2019\/01\/29425244_1741721602516778_3070742634130571264_o-1024x683.jpg\" alt=\"\" class=\"wp-image-54\" srcset=\"https:\/\/gamedev.tugraz.at\/wp-content\/uploads\/2019\/01\/29425244_1741721602516778_3070742634130571264_o-1024x683.jpg 1024w, https:\/\/gamedev.tugraz.at\/wp-content\/uploads\/2019\/01\/29425244_1741721602516778_3070742634130571264_o-300x200.jpg 300w, https:\/\/gamedev.tugraz.at\/wp-content\/uploads\/2019\/01\/29425244_1741721602516778_3070742634130571264_o-768x512.jpg 768w, https:\/\/gamedev.tugraz.at\/wp-content\/uploads\/2019\/01\/29425244_1741721602516778_3070742634130571264_o.jpg 1296w\" sizes=\"auto, (max-width: 1024px) 100vw, 1024px\" \/><figcaption class=\"wp-element-caption\">Competitions<\/figcaption><\/figure>\n<\/figure>\n","protected":false},"excerpt":{"rendered":"<p>Game Dev Students Graz Ah you, you&#8217;re finally awake. As I can see, you found yourself delving into the depths of university and are now looking for a place where you can get some Game Dev related sidequests? Well look no further, we&#8217;ve got you covered! Read on to find out more about us, the [&hellip;]<\/p>\n","protected":false},"author":1,"featured_media":0,"parent":0,"menu_order":0,"comment_status":"closed","ping_status":"closed","template":"templates\/template-full-width.php","meta":{"footnotes":""},"class_list":["post-357","page","type-page","status-publish","hentry"],"yoast_head":"<!-- This site is optimized with the Yoast SEO plugin v27.6 - https:\/\/yoast.com\/product\/yoast-seo-wordpress\/ -->\n<title>Home - Game Dev Students Graz<\/title>\n<meta name=\"robots\" content=\"index, follow, max-snippet:-1, max-image-preview:large, max-video-preview:-1\" \/>\n<link rel=\"canonical\" href=\"https:\/\/gamedev.tugraz.at\/\" \/>\n<meta property=\"og:locale\" content=\"en_US\" \/>\n<meta property=\"og:type\" content=\"article\" \/>\n<meta property=\"og:title\" content=\"Home - Game Dev Students Graz\" \/>\n<meta property=\"og:description\" content=\"Game Dev Students Graz Ah you, you&#8217;re finally awake. As I can see, you found yourself delving into the depths of university and are now looking for a place where you can get some Game Dev related sidequests? Well look no further, we&#8217;ve got you covered! Read on to find out more about us, the [&hellip;]\" \/>\n<meta property=\"og:url\" content=\"https:\/\/gamedev.tugraz.at\/\" \/>\n<meta property=\"og:site_name\" content=\"Game Dev Students Graz\" \/>\n<meta property=\"article:modified_time\" content=\"2026-05-14T12:38:34+00:00\" \/>\n<meta property=\"og:image\" content=\"https:\/\/gamedev.tugraz.at\/wp-content\/uploads\/2026\/05\/20_GDG_GDD2025-scaled.jpg\" \/>\n\t<meta property=\"og:image:width\" content=\"2560\" \/>\n\t<meta property=\"og:image:height\" content=\"1707\" \/>\n\t<meta property=\"og:image:type\" content=\"image\/jpeg\" \/>\n<meta name=\"twitter:card\" content=\"summary_large_image\" \/>\n<meta name=\"twitter:label1\" content=\"Est. reading time\" \/>\n\t<meta name=\"twitter:data1\" content=\"3 minutes\" \/>\n<script type=\"application\/ld+json\" class=\"yoast-schema-graph\">{\"@context\":\"https:\\\/\\\/schema.org\",\"@graph\":[{\"@type\":\"WebPage\",\"@id\":\"https:\\\/\\\/gamedev.tugraz.at\\\/\",\"url\":\"https:\\\/\\\/gamedev.tugraz.at\\\/\",\"name\":\"Home - Game Dev Students Graz\",\"isPartOf\":{\"@id\":\"https:\\\/\\\/gamedev.tugraz.at\\\/#website\"},\"primaryImageOfPage\":{\"@id\":\"https:\\\/\\\/gamedev.tugraz.at\\\/#primaryimage\"},\"image\":{\"@id\":\"https:\\\/\\\/gamedev.tugraz.at\\\/#primaryimage\"},\"thumbnailUrl\":\"https:\\\/\\\/gamedev.tugraz.at\\\/wp-content\\\/uploads\\\/2026\\\/05\\\/20_GDG_GDD2025-1024x683.jpg\",\"datePublished\":\"2021-07-21T12:40:53+00:00\",\"dateModified\":\"2026-05-14T12:38:34+00:00\",\"breadcrumb\":{\"@id\":\"https:\\\/\\\/gamedev.tugraz.at\\\/#breadcrumb\"},\"inLanguage\":\"en-US\",\"potentialAction\":[{\"@type\":\"ReadAction\",\"target\":[\"https:\\\/\\\/gamedev.tugraz.at\\\/\"]}]},{\"@type\":\"ImageObject\",\"inLanguage\":\"en-US\",\"@id\":\"https:\\\/\\\/gamedev.tugraz.at\\\/#primaryimage\",\"url\":\"https:\\\/\\\/gamedev.tugraz.at\\\/wp-content\\\/uploads\\\/2026\\\/05\\\/20_GDG_GDD2025-scaled.jpg\",\"contentUrl\":\"https:\\\/\\\/gamedev.tugraz.at\\\/wp-content\\\/uploads\\\/2026\\\/05\\\/20_GDG_GDD2025-scaled.jpg\",\"width\":2560,\"height\":1707},{\"@type\":\"BreadcrumbList\",\"@id\":\"https:\\\/\\\/gamedev.tugraz.at\\\/#breadcrumb\",\"itemListElement\":[{\"@type\":\"ListItem\",\"position\":1,\"name\":\"Home\",\"item\":\"https:\\\/\\\/gamedev.tugraz.at\\\/\"},{\"@type\":\"ListItem\",\"position\":2,\"name\":\"Home\"}]},{\"@type\":\"WebSite\",\"@id\":\"https:\\\/\\\/gamedev.tugraz.at\\\/#website\",\"url\":\"https:\\\/\\\/gamedev.tugraz.at\\\/\",\"name\":\"Game Dev Students Graz\",\"description\":\"Student team to promote game development\",\"publisher\":{\"@id\":\"https:\\\/\\\/gamedev.tugraz.at\\\/#organization\"},\"potentialAction\":[{\"@type\":\"SearchAction\",\"target\":{\"@type\":\"EntryPoint\",\"urlTemplate\":\"https:\\\/\\\/gamedev.tugraz.at\\\/?s={search_term_string}\"},\"query-input\":{\"@type\":\"PropertyValueSpecification\",\"valueRequired\":true,\"valueName\":\"search_term_string\"}}],\"inLanguage\":\"en-US\"},{\"@type\":\"Organization\",\"@id\":\"https:\\\/\\\/gamedev.tugraz.at\\\/#organization\",\"name\":\"Game Dev Students Graz\",\"url\":\"https:\\\/\\\/gamedev.tugraz.at\\\/\",\"logo\":{\"@type\":\"ImageObject\",\"inLanguage\":\"en-US\",\"@id\":\"https:\\\/\\\/gamedev.tugraz.at\\\/#\\\/schema\\\/logo\\\/image\\\/\",\"url\":\"https:\\\/\\\/gamedev.tugraz.at\\\/wp-content\\\/uploads\\\/2019\\\/01\\\/cropped-Logo-3.png\",\"contentUrl\":\"https:\\\/\\\/gamedev.tugraz.at\\\/wp-content\\\/uploads\\\/2019\\\/01\\\/cropped-Logo-3.png\",\"width\":250,\"height\":250,\"caption\":\"Game Dev Students Graz\"},\"image\":{\"@id\":\"https:\\\/\\\/gamedev.tugraz.at\\\/#\\\/schema\\\/logo\\\/image\\\/\"}}]}<\/script>\n<!-- \/ Yoast SEO plugin. -->","yoast_head_json":{"title":"Home - Game Dev Students Graz","robots":{"index":"index","follow":"follow","max-snippet":"max-snippet:-1","max-image-preview":"max-image-preview:large","max-video-preview":"max-video-preview:-1"},"canonical":"https:\/\/gamedev.tugraz.at\/","og_locale":"en_US","og_type":"article","og_title":"Home - Game Dev Students Graz","og_description":"Game Dev Students Graz Ah you, you&#8217;re finally awake. As I can see, you found yourself delving into the depths of university and are now looking for a place where you can get some Game Dev related sidequests? Well look no further, we&#8217;ve got you covered! Read on to find out more about us, the [&hellip;]","og_url":"https:\/\/gamedev.tugraz.at\/","og_site_name":"Game Dev Students Graz","article_modified_time":"2026-05-14T12:38:34+00:00","og_image":[{"width":2560,"height":1707,"url":"https:\/\/gamedev.tugraz.at\/wp-content\/uploads\/2026\/05\/20_GDG_GDD2025-scaled.jpg","type":"image\/jpeg"}],"twitter_card":"summary_large_image","twitter_misc":{"Est. reading time":"3 minutes"},"schema":{"@context":"https:\/\/schema.org","@graph":[{"@type":"WebPage","@id":"https:\/\/gamedev.tugraz.at\/","url":"https:\/\/gamedev.tugraz.at\/","name":"Home - Game Dev Students Graz","isPartOf":{"@id":"https:\/\/gamedev.tugraz.at\/#website"},"primaryImageOfPage":{"@id":"https:\/\/gamedev.tugraz.at\/#primaryimage"},"image":{"@id":"https:\/\/gamedev.tugraz.at\/#primaryimage"},"thumbnailUrl":"https:\/\/gamedev.tugraz.at\/wp-content\/uploads\/2026\/05\/20_GDG_GDD2025-1024x683.jpg","datePublished":"2021-07-21T12:40:53+00:00","dateModified":"2026-05-14T12:38:34+00:00","breadcrumb":{"@id":"https:\/\/gamedev.tugraz.at\/#breadcrumb"},"inLanguage":"en-US","potentialAction":[{"@type":"ReadAction","target":["https:\/\/gamedev.tugraz.at\/"]}]},{"@type":"ImageObject","inLanguage":"en-US","@id":"https:\/\/gamedev.tugraz.at\/#primaryimage","url":"https:\/\/gamedev.tugraz.at\/wp-content\/uploads\/2026\/05\/20_GDG_GDD2025-scaled.jpg","contentUrl":"https:\/\/gamedev.tugraz.at\/wp-content\/uploads\/2026\/05\/20_GDG_GDD2025-scaled.jpg","width":2560,"height":1707},{"@type":"BreadcrumbList","@id":"https:\/\/gamedev.tugraz.at\/#breadcrumb","itemListElement":[{"@type":"ListItem","position":1,"name":"Home","item":"https:\/\/gamedev.tugraz.at\/"},{"@type":"ListItem","position":2,"name":"Home"}]},{"@type":"WebSite","@id":"https:\/\/gamedev.tugraz.at\/#website","url":"https:\/\/gamedev.tugraz.at\/","name":"Game Dev Students Graz","description":"Student team to promote game development","publisher":{"@id":"https:\/\/gamedev.tugraz.at\/#organization"},"potentialAction":[{"@type":"SearchAction","target":{"@type":"EntryPoint","urlTemplate":"https:\/\/gamedev.tugraz.at\/?s={search_term_string}"},"query-input":{"@type":"PropertyValueSpecification","valueRequired":true,"valueName":"search_term_string"}}],"inLanguage":"en-US"},{"@type":"Organization","@id":"https:\/\/gamedev.tugraz.at\/#organization","name":"Game Dev Students Graz","url":"https:\/\/gamedev.tugraz.at\/","logo":{"@type":"ImageObject","inLanguage":"en-US","@id":"https:\/\/gamedev.tugraz.at\/#\/schema\/logo\/image\/","url":"https:\/\/gamedev.tugraz.at\/wp-content\/uploads\/2019\/01\/cropped-Logo-3.png","contentUrl":"https:\/\/gamedev.tugraz.at\/wp-content\/uploads\/2019\/01\/cropped-Logo-3.png","width":250,"height":250,"caption":"Game Dev Students Graz"},"image":{"@id":"https:\/\/gamedev.tugraz.at\/#\/schema\/logo\/image\/"}}]}},"_links":{"self":[{"href":"https:\/\/gamedev.tugraz.at\/index.php\/wp-json\/wp\/v2\/pages\/357","targetHints":{"allow":["GET"]}}],"collection":[{"href":"https:\/\/gamedev.tugraz.at\/index.php\/wp-json\/wp\/v2\/pages"}],"about":[{"href":"https:\/\/gamedev.tugraz.at\/index.php\/wp-json\/wp\/v2\/types\/page"}],"author":[{"embeddable":true,"href":"https:\/\/gamedev.tugraz.at\/index.php\/wp-json\/wp\/v2\/users\/1"}],"replies":[{"embeddable":true,"href":"https:\/\/gamedev.tugraz.at\/index.php\/wp-json\/wp\/v2\/comments?post=357"}],"version-history":[{"count":42,"href":"https:\/\/gamedev.tugraz.at\/index.php\/wp-json\/wp\/v2\/pages\/357\/revisions"}],"predecessor-version":[{"id":929,"href":"https:\/\/gamedev.tugraz.at\/index.php\/wp-json\/wp\/v2\/pages\/357\/revisions\/929"}],"wp:attachment":[{"href":"https:\/\/gamedev.tugraz.at\/index.php\/wp-json\/wp\/v2\/media?parent=357"}],"curies":[{"name":"wp","href":"https:\/\/api.w.org\/{rel}","templated":true}]}}